{"id":98,"date":"2014-05-18T13:44:36","date_gmt":"2014-05-18T12:44:36","guid":{"rendered":"http:\/\/www.awink.net\/wp\/?page_id=98"},"modified":"2018-10-12T16:02:23","modified_gmt":"2018-10-12T14:02:23","slug":"impressum","status":"publish","type":"page","link":"https:\/\/www.awink.net\/wp\/?page_id=98","title":{"rendered":"Impressum"},"content":{"rendered":"<p>Dieses Impressum gilt f\u00fcr die Seiten unter der Domain awink.net, inklusive aller Subdomains, sowie f\u00fcr alle Webseiten von awink.net, die auf dieses Impressum verlinken.<\/p>\n<p>F\u00fcr den Inhalt verantwortlich:<br \/>\n<strong>Andreas Winkelbauer<\/strong>, OE1UAW<br \/>\n1020 Wien<br \/>\nwebmaster@awink.net<\/p>\n<p><strong>Grundlegende Richtung der Webseite:<\/strong><br \/>\nKeinerlei gesch\u00e4ftlichen Interessen verfolgende Ver\u00f6ffentlichung\u00a0von Reiseberichten, Fotos und Diskussion pers\u00f6nlicher Interessen (&#8220;Blogging&#8221;); nicht-kommerzielle, private Webseite.<\/p>\n<p><strong>Erkl\u00e4rung:<\/strong><br \/>\nDie Ver\u00f6ffentlichungen auf diesen Seiten unterliegen dem \u00f6sterreichischen Urheberrecht. Die Vervielf\u00e4ltigung, Bearbeitung, Verbreitung, insbesondere die gewerbliche Nutzung sowie jede Art der Verwertung au\u00dferhalb der Grenzen des Urheberrechtes &#8211; auch in Teilen oder in \u00fcberarbeiteter Form &#8211; bed\u00fcrfen der ausdr\u00fccklichen und schriftlichen Zustimmung. Downloads und Kopien dieser Seite sind nur f\u00fcr den privaten, nicht kommerziellen Gebrauch und ausschlie\u00dflich unter Quellenangabe gestattet. Soweit die Inhalte auf dieser Seite nicht vom Betreiber erstellt wurden, werden die Urheberrechte Dritter beachtet (betreffend insbesondere Inhalte in Form von &#8220;Kommentaren&#8221;). Insbesondere unterliegen alle innerhalb des Internetangebotes genannten und ggf. durch Dritte gesch\u00fctzten Marken- und Warenzeichen uneingeschr\u00e4nkt den Bestimmungen des jeweils g\u00fcltigen Kennzeichenrechts und den Besitzrechten der jeweiligen eingetragenen Eigent\u00fcmer.<\/p>\n<p><strong>Haftungsausschluss:<\/strong><br \/>\nDiese Website enth\u00e4lt auch Links oder Verweise auf Websites Dritter. Diese Links zu den Websites Dritter stellen keine Zustimmung zu deren Inhalten dar. Es wird keine Verantwortung \u00fcbernommen f\u00fcr die Verf\u00fcgbarkeit oder den Inhalt solcher Websites und keine Haftung f\u00fcr Sch\u00e4den oder Verletzungen, die aus der Nutzung solcher Inhalte entstehen.<\/p>\n<p>Trotz gro\u00dfer Sorgfalt im Rahmen der Erstellung dieser Webseite kann f\u00fcr die Richtigkeit, Vollst\u00e4ndigkeit und Aktualit\u00e4t der Inhalte keine Haftung \u00fcbernommen und kein wie immer gearteter Rechtsanspruch abgeleitet werden.<\/p>\n","protected":false},"excerpt":{"rendered":"<p>Dieses Impressum gilt f\u00fcr die Seiten unter der Domain awink.net, inklusive aller Subdomains, sowie f\u00fcr alle Webseiten von awink.net, die auf dieses Impressum verlinken. F\u00fcr den Inhalt verantwortlich: Andreas Winkelbauer, OE1UAW 1020 Wien webmaster@awink.net Grundlegende Richtung der Webseite: Keinerlei gesch\u00e4ftlichen Interessen verfolgende Ver\u00f6ffentlichung\u00a0von Reiseberichten, Fotos und Diskussion pers\u00f6nlicher Interessen (&#8220;Blogging&#8221;); nicht-kommerzielle, private Webseite. Erkl\u00e4rung: Die [&hellip;]<\/p>\n","protected":false},"author":1,"featured_media":681,"parent":0,"menu_order":1,"comment_status":"closed","ping_status":"closed","template":"","meta":{"_acf_changed":false,"footnotes":""},"class_list":["post-98","page","type-page","status-publish","has-post-thumbnail","hentry"],"acf":[],"_links":{"self":[{"href":"https:\/\/www.awink.net\/wp\/index.php?rest_route=\/wp\/v2\/pages\/98","targetHints":{"allow":["GET"]}}],"collection":[{"href":"https:\/\/www.awink.net\/wp\/index.php?rest_route=\/wp\/v2\/pages"}],"about":[{"href":"https:\/\/www.awink.net\/wp\/index.php?rest_route=\/wp\/v2\/types\/page"}],"author":[{"embeddable":true,"href":"https:\/\/www.awink.net\/wp\/index.php?rest_route=\/wp\/v2\/users\/1"}],"replies":[{"embeddable":true,"href":"https:\/\/www.awink.net\/wp\/index.php?rest_route=%2Fwp%2Fv2%2Fcomments&post=98"}],"version-history":[{"count":8,"href":"https:\/\/www.awink.net\/wp\/index.php?rest_route=\/wp\/v2\/pages\/98\/revisions"}],"predecessor-version":[{"id":711,"href":"https:\/\/www.awink.net\/wp\/index.php?rest_route=\/wp\/v2\/pages\/98\/revisions\/711"}],"wp:featuredmedia":[{"embeddable":true,"href":"https:\/\/www.awink.net\/wp\/index.php?rest_route=\/wp\/v2\/media\/681"}],"wp:attachment":[{"href":"https:\/\/www.awink.net\/wp\/index.php?rest_route=%2Fwp%2Fv2%2Fmedia&parent=98"}],"curies":[{"name":"wp","href":"https:\/\/api.w.org\/{rel}","templated":true}]}}